{"id":464,"date":"2025-04-25T07:22:24","date_gmt":"2025-04-25T07:22:24","guid":{"rendered":"https:\/\/:\/\/www.botex.dk\/erhverv\/?page_id=464"},"modified":"2026-02-17T09:24:43","modified_gmt":"2026-02-17T09:24:43","slug":"problemloesning","status":"publish","type":"page","link":"https:\/\/www.botex.dk\/erhverv\/problemloesning\/","title":{"rendered":"Probleml\u00f8sning"},"content":{"rendered":"\n<section id=\"block_acf-block-699433db78372\"\n         class=\"hero hero--is-height-small alignfull   align-vertical-center align-horizontal-center\">\n\t<div class=\"hero__media youtube-object-fit-cover\">\n\t\t<img loading=\"lazy\" decoding=\"async\" width=\"1920\" height=\"1080\" src=\"https:\/\/www.botex.dk\/erhverv\/wp-content\/uploads\/2025\/04\/luxaflex-rullegardin-14.png\" class=\"attachment-full size-full\" alt=\"\" srcset=\"https:\/\/www.botex.dk\/erhverv\/wp-content\/uploads\/2025\/04\/luxaflex-rullegardin-14.png 1920w, https:\/\/www.botex.dk\/erhverv\/wp-content\/uploads\/2025\/04\/luxaflex-rullegardin-14-300x169.png 300w, https:\/\/www.botex.dk\/erhverv\/wp-content\/uploads\/2025\/04\/luxaflex-rullegardin-14-1024x576.png 1024w, https:\/\/www.botex.dk\/erhverv\/wp-content\/uploads\/2025\/04\/luxaflex-rullegardin-14-768x432.png 768w, https:\/\/www.botex.dk\/erhverv\/wp-content\/uploads\/2025\/04\/luxaflex-rullegardin-14-1536x864.png 1536w\" sizes=\"auto, (max-width: 1920px) 100vw, 1920px\" \/>\t\t\t<\/div>\n\t\t\t<span class=\"hero__overlay hero__overlay--bg-black\"\n\t\t      style=\"opacity: 44%;\"><\/span>\n\t\t<div class=\"hero__inner\">\n\t\t\n\n<h1 class=\"wp-block-heading has-text-align-center  spacing-after--0\">Probleml\u00f8sning<\/h1>\n\n\n\n<p class=\" spacing-before--2 wp-block-paragraph\">Solafsk\u00e6rmning til erhverv kan v\u00e6re med til at afhj\u00e6lpe og modarbejde forskellige problematikker. L\u00e6s mere om, hvordan en gardinl\u00f8sning fra botex kan forbedre henholdvis akustik, indeklima og afsk\u00e6rmning.<\/p>\n\n\n\t<\/div>\n<\/section>\n\n\n<div id=\"block_acf-block-699433db783aa\" class=\"post-query  alignwide is-blog-post-query\">\n\t<div class=\"post-query__header\">\n\t\t<div class=\"post-query__heading\">\n\t\t\t\n\n<h3 class=\"wp-block-heading spacing-after--0 spacing-before--0 has-heading-m-alt-font-size\"><\/h3>\n\n\n\t\t<\/div>\n\t<\/div>\n\t\t\t<div class=\"post-query__grid\">\n\t\t\t\t<a href=\"https:\/\/www.botex.dk\/erhverv\/problemloesning\/afskaermning\/\"\n\t   class=\" post-query__card  card\">\n\t\t<div class=\"card__image\">\n\t\t\t\t\t\t<img loading=\"lazy\" decoding=\"async\" width=\"1024\" height=\"635\" src=\"https:\/\/www.botex.dk\/erhverv\/wp-content\/uploads\/2025\/04\/afskaermning-14-1024x635.jpeg\" class=\"attachment-large size-large\" alt=\"\" srcset=\"https:\/\/www.botex.dk\/erhverv\/wp-content\/uploads\/2025\/04\/afskaermning-14-1024x635.jpeg 1024w, https:\/\/www.botex.dk\/erhverv\/wp-content\/uploads\/2025\/04\/afskaermning-14-300x186.jpeg 300w, https:\/\/www.botex.dk\/erhverv\/wp-content\/uploads\/2025\/04\/afskaermning-14-768x476.jpeg 768w, https:\/\/www.botex.dk\/erhverv\/wp-content\/uploads\/2025\/04\/afskaermning-14-1536x952.jpeg 1536w, https:\/\/www.botex.dk\/erhverv\/wp-content\/uploads\/2025\/04\/afskaermning-14.jpeg 1920w\" sizes=\"auto, (max-width: 1024px) 100vw, 1024px\" \/>\t\t<\/div>\n\t\t<div class=\"card__inner\">\n\t\t\t<p class=\"wp-block-heading card__heading\">Afsk\u00e6rmning<\/p>\n\t\t\t\t\t\t<p class=\"wp-block-paragraph spacing-after--0 spacing-before--0 card__read-more\">L\u00e6s mere<\/p>\n\t\t<\/div>\n\t\t\t<\/a>\n\t\t<a href=\"https:\/\/www.botex.dk\/erhverv\/problemloesning\/indeklima\/\"\n\t   class=\" post-query__card  card\">\n\t\t<div class=\"card__image\">\n\t\t\t\t\t\t<img loading=\"lazy\" decoding=\"async\" width=\"1024\" height=\"705\" src=\"https:\/\/www.botex.dk\/erhverv\/wp-content\/uploads\/2025\/04\/Indeklima-10-1024x705.jpeg\" class=\"attachment-large size-large\" alt=\"\" srcset=\"https:\/\/www.botex.dk\/erhverv\/wp-content\/uploads\/2025\/04\/Indeklima-10-1024x705.jpeg 1024w, https:\/\/www.botex.dk\/erhverv\/wp-content\/uploads\/2025\/04\/Indeklima-10-300x207.jpeg 300w, https:\/\/www.botex.dk\/erhverv\/wp-content\/uploads\/2025\/04\/Indeklima-10-768x529.jpeg 768w, https:\/\/www.botex.dk\/erhverv\/wp-content\/uploads\/2025\/04\/Indeklima-10-1536x1058.jpeg 1536w, https:\/\/www.botex.dk\/erhverv\/wp-content\/uploads\/2025\/04\/Indeklima-10.jpeg 1920w\" sizes=\"auto, (max-width: 1024px) 100vw, 1024px\" \/>\t\t<\/div>\n\t\t<div class=\"card__inner\">\n\t\t\t<p class=\"wp-block-heading card__heading\">Indeklima<\/p>\n\t\t\t\t\t\t<p class=\"wp-block-paragraph spacing-after--0 spacing-before--0 card__read-more\">L\u00e6s mere<\/p>\n\t\t<\/div>\n\t\t\t<\/a>\n\t\t<a href=\"https:\/\/www.botex.dk\/erhverv\/problemloesning\/akustik\/\"\n\t   class=\" post-query__card  card\">\n\t\t<div class=\"card__image\">\n\t\t\t\t\t\t<img loading=\"lazy\" decoding=\"async\" width=\"1024\" height=\"681\" src=\"https:\/\/www.botex.dk\/erhverv\/wp-content\/uploads\/2025\/04\/akustikforbedring-9-1024x681.jpeg\" class=\"attachment-large size-large\" alt=\"\" srcset=\"https:\/\/www.botex.dk\/erhverv\/wp-content\/uploads\/2025\/04\/akustikforbedring-9-1024x681.jpeg 1024w, https:\/\/www.botex.dk\/erhverv\/wp-content\/uploads\/2025\/04\/akustikforbedring-9-300x199.jpeg 300w, https:\/\/www.botex.dk\/erhverv\/wp-content\/uploads\/2025\/04\/akustikforbedring-9-768x510.jpeg 768w, https:\/\/www.botex.dk\/erhverv\/wp-content\/uploads\/2025\/04\/akustikforbedring-9-1536x1021.jpeg 1536w, https:\/\/www.botex.dk\/erhverv\/wp-content\/uploads\/2025\/04\/akustikforbedring-9.jpeg 1920w\" sizes=\"auto, (max-width: 1024px) 100vw, 1024px\" \/>\t\t<\/div>\n\t\t<div class=\"card__inner\">\n\t\t\t<p class=\"wp-block-heading card__heading\">Akustik<\/p>\n\t\t\t\t\t\t<p class=\"wp-block-paragraph spacing-after--0 spacing-before--0 card__read-more\">L\u00e6s mere<\/p>\n\t\t<\/div>\n\t\t\t<\/a>\n\t<\/div>\n\t\t<\/div>\n\n\n\n<div class=\"wp-block-group has-tertiary-background-color has-background is-layout-constrained wp-block-group-is-layout-constrained\">\n<h2 class=\"wp-block-heading has-text-align-center\">Gardinl\u00f8sninger hos botex<\/h2>\n\n\n\n<p class=\"has-text-align-center  wp-block-paragraph\">Har din virksomhed brug for vejledning og r\u00e5dgiving&nbsp;inden for&nbsp;afsk\u00e6rmning, forbedring af indeklima&nbsp;eller akustik eksempelvis&nbsp;med gardiner? Du kan altid kontakte os for et m\u00f8de, s\u00e5 vi kan vi sammen finde den rette gardinl\u00f8sning til netop jeres behov og lokaler.<\/p>\n\n\n\n<div class=\"wp-block-buttons is-content-justification-center is-layout-flex wp-container-core-buttons-is-layout-1 wp-block-buttons-is-layout-flex\">\n<div class=\"wp-block-button\"><a class=\"wp-block-button__link has-white-background-color has-background wp-element-button\" href=\"https:\/\/botex.dk\/erhverv\/kontakt\">Kontakt os her<\/a><\/div>\n<\/div>\n<\/div>\n\n\n<div id=\"block_acf-block-699433db784f1\" class=\"post-query  alignwide swiper\">\n\t<div class=\"post-query__header\">\n\t\t<div class=\"post-query__heading\">\n\t\t\t\n\n<h3 class=\"wp-block-heading spacing-after--0 spacing-before--0 has-heading-m-alt-font-size\"><\/h3>\n\n\n\t\t<\/div>\n\t<\/div>\n\t\t\t\t<div class=\"swiper-button-prev\"><\/div>\n\t\t<div class=\"swiper-button-next\"><\/div>\n\t\t<div class=\"post-query__slider swiper-wrapper\">\n\t\t\t\t<a href=\"https:\/\/www.botex.dk\/erhverv\/referencer\/case\/laeringsmiljoeer\/\"\n\t   class=\"swiper-slide post-query__card  card\">\n\t\t<div class=\"card__image\">\n\t\t\t\t\t\t<img loading=\"lazy\" decoding=\"async\" width=\"1024\" height=\"463\" src=\"https:\/\/www.botex.dk\/erhverv\/wp-content\/uploads\/2025\/04\/STORKOeBENHAVNS-KOeRETEKNISKE-ANLAeG-1-1024x463.jpeg\" class=\"attachment-large size-large\" alt=\"\" srcset=\"https:\/\/www.botex.dk\/erhverv\/wp-content\/uploads\/2025\/04\/STORKOeBENHAVNS-KOeRETEKNISKE-ANLAeG-1-1024x463.jpeg 1024w, https:\/\/www.botex.dk\/erhverv\/wp-content\/uploads\/2025\/04\/STORKOeBENHAVNS-KOeRETEKNISKE-ANLAeG-1-300x136.jpeg 300w, https:\/\/www.botex.dk\/erhverv\/wp-content\/uploads\/2025\/04\/STORKOeBENHAVNS-KOeRETEKNISKE-ANLAeG-1-768x347.jpeg 768w, https:\/\/www.botex.dk\/erhverv\/wp-content\/uploads\/2025\/04\/STORKOeBENHAVNS-KOeRETEKNISKE-ANLAeG-1.jpeg 1280w\" sizes=\"auto, (max-width: 1024px) 100vw, 1024px\" \/>\t\t<\/div>\n\t\t<div class=\"card__inner\">\n\t\t\t<p class=\"wp-block-heading card__heading\">L\u00f8sninger til\u00a0l\u00e6ringsmilj\u00f8<\/p>\n\t\t\t\t\t\t<p class=\"wp-block-paragraph spacing-after--0 spacing-before--0 card__read-more\">L\u00e6s mere<\/p>\n\t\t<\/div>\n\t\t\t<\/a>\n\t\t<a href=\"https:\/\/www.botex.dk\/erhverv\/referencer\/case\/camilla-rudnicki-interioer\/\"\n\t   class=\"swiper-slide post-query__card  card\">\n\t\t<div class=\"card__image\">\n\t\t\t\t\t\t<img loading=\"lazy\" decoding=\"async\" width=\"1024\" height=\"576\" src=\"https:\/\/www.botex.dk\/erhverv\/wp-content\/uploads\/2025\/04\/Camilla-Rudnicki-9-1024x576.png\" class=\"attachment-large size-large\" alt=\"\" srcset=\"https:\/\/www.botex.dk\/erhverv\/wp-content\/uploads\/2025\/04\/Camilla-Rudnicki-9-1024x576.png 1024w, https:\/\/www.botex.dk\/erhverv\/wp-content\/uploads\/2025\/04\/Camilla-Rudnicki-9-300x169.png 300w, https:\/\/www.botex.dk\/erhverv\/wp-content\/uploads\/2025\/04\/Camilla-Rudnicki-9-768x432.png 768w, https:\/\/www.botex.dk\/erhverv\/wp-content\/uploads\/2025\/04\/Camilla-Rudnicki-9-1536x864.png 1536w, https:\/\/www.botex.dk\/erhverv\/wp-content\/uploads\/2025\/04\/Camilla-Rudnicki-9.png 1920w\" sizes=\"auto, (max-width: 1024px) 100vw, 1024px\" \/>\t\t<\/div>\n\t\t<div class=\"card__inner\">\n\t\t\t<p class=\"wp-block-heading card__heading\">Gardiner til et showroom<\/p>\n\t\t\t\t\t\t<p class=\"wp-block-paragraph spacing-after--0 spacing-before--0 card__read-more\">L\u00e6s mere<\/p>\n\t\t<\/div>\n\t\t\t<\/a>\n\t\t<a href=\"https:\/\/www.botex.dk\/erhverv\/referencer\/case\/foodexpo-messen\/\"\n\t   class=\"swiper-slide post-query__card  card\">\n\t\t<div class=\"card__image\">\n\t\t\t\t\t\t<img loading=\"lazy\" decoding=\"async\" width=\"1024\" height=\"576\" src=\"https:\/\/www.botex.dk\/erhverv\/wp-content\/uploads\/2025\/04\/Daarbak-Design-14-1024x576.png\" class=\"attachment-large size-large\" alt=\"\" srcset=\"https:\/\/www.botex.dk\/erhverv\/wp-content\/uploads\/2025\/04\/Daarbak-Design-14-1024x576.png 1024w, https:\/\/www.botex.dk\/erhverv\/wp-content\/uploads\/2025\/04\/Daarbak-Design-14-300x169.png 300w, https:\/\/www.botex.dk\/erhverv\/wp-content\/uploads\/2025\/04\/Daarbak-Design-14-768x432.png 768w, https:\/\/www.botex.dk\/erhverv\/wp-content\/uploads\/2025\/04\/Daarbak-Design-14-1536x864.png 1536w, https:\/\/www.botex.dk\/erhverv\/wp-content\/uploads\/2025\/04\/Daarbak-Design-14.png 1920w\" sizes=\"auto, (max-width: 1024px) 100vw, 1024px\" \/>\t\t<\/div>\n\t\t<div class=\"card__inner\">\n\t\t\t<p class=\"wp-block-heading card__heading\">Stofgardiner til messestand<\/p>\n\t\t\t\t\t\t<p class=\"wp-block-paragraph spacing-after--0 spacing-before--0 card__read-more\">L\u00e6s mere<\/p>\n\t\t<\/div>\n\t\t\t<\/a>\n\t\t<a href=\"https:\/\/www.botex.dk\/erhverv\/referencer\/case\/magasin-du-nord\/\"\n\t   class=\"swiper-slide post-query__card  card\">\n\t\t<div class=\"card__image\">\n\t\t\t\t\t\t<img loading=\"lazy\" decoding=\"async\" width=\"1024\" height=\"884\" src=\"https:\/\/www.botex.dk\/erhverv\/wp-content\/uploads\/2025\/04\/MAGASIN-DU-NORD-9-1024x884.jpeg\" class=\"attachment-large size-large\" alt=\"\" srcset=\"https:\/\/www.botex.dk\/erhverv\/wp-content\/uploads\/2025\/04\/MAGASIN-DU-NORD-9-1024x884.jpeg 1024w, https:\/\/www.botex.dk\/erhverv\/wp-content\/uploads\/2025\/04\/MAGASIN-DU-NORD-9-300x259.jpeg 300w, https:\/\/www.botex.dk\/erhverv\/wp-content\/uploads\/2025\/04\/MAGASIN-DU-NORD-9-768x663.jpeg 768w, https:\/\/www.botex.dk\/erhverv\/wp-content\/uploads\/2025\/04\/MAGASIN-DU-NORD-9-1536x1326.jpeg 1536w, https:\/\/www.botex.dk\/erhverv\/wp-content\/uploads\/2025\/04\/MAGASIN-DU-NORD-9.jpeg 1920w\" sizes=\"auto, (max-width: 1024px) 100vw, 1024px\" \/>\t\t<\/div>\n\t\t<div class=\"card__inner\">\n\t\t\t<p class=\"wp-block-heading card__heading\">Gardiner til butikker og butiksvinduer<\/p>\n\t\t\t\t\t\t<p class=\"wp-block-paragraph spacing-after--0 spacing-before--0 card__read-more\">L\u00e6s mere<\/p>\n\t\t<\/div>\n\t\t\t<\/a>\n\t\t<a href=\"https:\/\/www.botex.dk\/erhverv\/referencer\/case\/unico-leasing\/\"\n\t   class=\"swiper-slide post-query__card  card\">\n\t\t<div class=\"card__image\">\n\t\t\t\t\t\t<img loading=\"lazy\" decoding=\"async\" width=\"1024\" height=\"576\" src=\"https:\/\/www.botex.dk\/erhverv\/wp-content\/uploads\/2025\/04\/Unico-Leasing-12-1024x576.png\" class=\"attachment-large size-large\" alt=\"\" srcset=\"https:\/\/www.botex.dk\/erhverv\/wp-content\/uploads\/2025\/04\/Unico-Leasing-12-1024x576.png 1024w, https:\/\/www.botex.dk\/erhverv\/wp-content\/uploads\/2025\/04\/Unico-Leasing-12-300x169.png 300w, https:\/\/www.botex.dk\/erhverv\/wp-content\/uploads\/2025\/04\/Unico-Leasing-12-768x432.png 768w, https:\/\/www.botex.dk\/erhverv\/wp-content\/uploads\/2025\/04\/Unico-Leasing-12-1536x864.png 1536w, https:\/\/www.botex.dk\/erhverv\/wp-content\/uploads\/2025\/04\/Unico-Leasing-12.png 1920w\" sizes=\"auto, (max-width: 1024px) 100vw, 1024px\" \/>\t\t<\/div>\n\t\t<div class=\"card__inner\">\n\t\t\t<p class=\"wp-block-heading card__heading\">Stofgardiner til et bilshowroom<\/p>\n\t\t\t\t\t\t<p class=\"wp-block-paragraph spacing-after--0 spacing-before--0 card__read-more\">L\u00e6s mere<\/p>\n\t\t<\/div>\n\t\t\t<\/a>\n\t<\/div>\n\t\t\t<div class=\"swiper-scrollbar\"><\/div>\n\t\t<\/div>\n","protected":false},"excerpt":{"rendered":"<p>Gardinl\u00f8sninger hos botex Har din virksomhed brug for vejledning og r\u00e5dgiving&nbsp;inden for&nbsp;afsk\u00e6rmning, forbedring af indeklima&nbsp;eller akustik eksempelvis&nbsp;med gardiner? Du kan altid kontakte os for et m\u00f8de, s\u00e5 vi kan vi sammen finde den rette gardinl\u00f8sning til netop jeres behov og lokaler.<\/p>\n","protected":false},"author":1,"featured_media":0,"parent":0,"menu_order":0,"comment_status":"closed","ping_status":"closed","template":"","meta":{"_acf_changed":false,"inline_featured_image":false,"footnotes":""},"internal_status":[],"global-category":[],"class_list":["post-464","page","type-page","status-publish","hentry"],"acf":[],"yoast_head":"<!-- This site is optimized with the Yoast SEO plugin v25.1 - https:\/\/yoast.com\/wordpress\/plugins\/seo\/ -->\n<title>Probleml\u00f8sning - Botex Erhverv<\/title>\n<meta name=\"description\" content=\"Probleml\u00f8sning Solafsk\u00e6rmning til erhverv kan v\u00e6re med til at afhj\u00e6lpe og modarbejde forskellige problematikker. L\u00e6s mere om, hvordan en gardinl\u00f8sning fra\" \/>\n<meta name=\"robots\" content=\"index, follow, max-snippet:-1, max-image-preview:large, max-video-preview:-1\" \/>\n<link rel=\"canonical\" href=\"https:\/\/www.botex.dk\/erhverv\/problemloesning\/\" \/>\n<meta property=\"og:locale\" content=\"da_DK\" \/>\n<meta property=\"og:type\" content=\"article\" \/>\n<meta property=\"og:title\" content=\"Probleml\u00f8sning - Botex Erhverv\" \/>\n<meta property=\"og:description\" content=\"Probleml\u00f8sning Solafsk\u00e6rmning til erhverv kan v\u00e6re med til at afhj\u00e6lpe og modarbejde forskellige problematikker. L\u00e6s mere om, hvordan en gardinl\u00f8sning fra\" \/>\n<meta property=\"og:url\" content=\"https:\/\/www.botex.dk\/erhverv\/problemloesning\/\" \/>\n<meta property=\"og:site_name\" content=\"Botex Erhverv\" \/>\n<meta property=\"article:modified_time\" content=\"2026-02-17T09:24:43+00:00\" \/>\n<meta property=\"og:image\" content=\"https:\/\/www.botex.dk\/erhverv\/wp-content\/uploads\/2025\/06\/botex-erhverv-fb.png\" \/>\n\t<meta property=\"og:image:width\" content=\"1200\" \/>\n\t<meta property=\"og:image:height\" content=\"630\" \/>\n\t<meta property=\"og:image:type\" content=\"image\/png\" \/>\n<meta name=\"twitter:card\" content=\"summary_large_image\" \/>\n<meta name=\"twitter:label1\" content=\"Est. reading time\" \/>\n\t<meta name=\"twitter:data1\" content=\"1 minut\" \/>\n<script type=\"application\/ld+json\" class=\"yoast-schema-graph\">{\"@context\":\"https:\/\/schema.org\",\"@graph\":[{\"@type\":\"WebPage\",\"@id\":\"https:\/\/www.botex.dk\/erhverv\/problemloesning\/\",\"url\":\"https:\/\/www.botex.dk\/erhverv\/problemloesning\/\",\"name\":\"Probleml\u00f8sning - Botex Erhverv\",\"isPartOf\":{\"@id\":\"https:\/\/www.botex.dk\/erhverv\/#website\"},\"datePublished\":\"2025-04-25T07:22:24+00:00\",\"dateModified\":\"2026-02-17T09:24:43+00:00\",\"description\":\"Probleml\u00f8sning Solafsk\u00e6rmning til erhverv kan v\u00e6re med til at afhj\u00e6lpe og modarbejde forskellige problematikker. L\u00e6s mere om, hvordan en gardinl\u00f8sning fra\",\"breadcrumb\":{\"@id\":\"https:\/\/www.botex.dk\/erhverv\/problemloesning\/#breadcrumb\"},\"inLanguage\":\"da-DK\",\"potentialAction\":[{\"@type\":\"ReadAction\",\"target\":[\"https:\/\/www.botex.dk\/erhverv\/problemloesning\/\"]}]},{\"@type\":\"BreadcrumbList\",\"@id\":\"https:\/\/www.botex.dk\/erhverv\/problemloesning\/#breadcrumb\",\"itemListElement\":[{\"@type\":\"ListItem\",\"position\":1,\"name\":\"Home\",\"item\":\"https:\/\/www.botex.dk\/erhverv\/\"},{\"@type\":\"ListItem\",\"position\":2,\"name\":\"Probleml\u00f8sning\"}]},{\"@type\":\"WebSite\",\"@id\":\"https:\/\/www.botex.dk\/erhverv\/#website\",\"url\":\"https:\/\/www.botex.dk\/erhverv\/\",\"name\":\"Botex Erhverv\",\"description\":\"\",\"publisher\":{\"@id\":\"https:\/\/www.botex.dk\/erhverv\/#organization\"},\"potentialAction\":[{\"@type\":\"SearchAction\",\"target\":{\"@type\":\"EntryPoint\",\"urlTemplate\":\"https:\/\/www.botex.dk\/erhverv\/?s={search_term_string}\"},\"query-input\":{\"@type\":\"PropertyValueSpecification\",\"valueRequired\":true,\"valueName\":\"search_term_string\"}}],\"inLanguage\":\"da-DK\"},{\"@type\":\"Organization\",\"@id\":\"https:\/\/www.botex.dk\/erhverv\/#organization\",\"name\":\"Botex Erhverv\",\"url\":\"https:\/\/www.botex.dk\/erhverv\/\",\"logo\":{\"@type\":\"ImageObject\",\"inLanguage\":\"da-DK\",\"@id\":\"https:\/\/www.botex.dk\/erhverv\/#\/schema\/logo\/image\/\",\"url\":\"https:\/\/www.botex.dk\/erhverv\/wp-content\/uploads\/2025\/04\/botex-erhverv-black.svg\",\"contentUrl\":\"https:\/\/www.botex.dk\/erhverv\/wp-content\/uploads\/2025\/04\/botex-erhverv-black.svg\",\"width\":239,\"height\":42,\"caption\":\"Botex Erhverv\"},\"image\":{\"@id\":\"https:\/\/www.botex.dk\/erhverv\/#\/schema\/logo\/image\/\"}}]}<\/script>\n<!-- \/ Yoast SEO plugin. -->","yoast_head_json":{"title":"Probleml\u00f8sning - Botex Erhverv","description":"Probleml\u00f8sning Solafsk\u00e6rmning til erhverv kan v\u00e6re med til at afhj\u00e6lpe og modarbejde forskellige problematikker. L\u00e6s mere om, hvordan en gardinl\u00f8sning fra","robots":{"index":"index","follow":"follow","max-snippet":"max-snippet:-1","max-image-preview":"max-image-preview:large","max-video-preview":"max-video-preview:-1"},"canonical":"https:\/\/www.botex.dk\/erhverv\/problemloesning\/","og_locale":"da_DK","og_type":"article","og_title":"Probleml\u00f8sning - Botex Erhverv","og_description":"Probleml\u00f8sning Solafsk\u00e6rmning til erhverv kan v\u00e6re med til at afhj\u00e6lpe og modarbejde forskellige problematikker. L\u00e6s mere om, hvordan en gardinl\u00f8sning fra","og_url":"https:\/\/www.botex.dk\/erhverv\/problemloesning\/","og_site_name":"Botex Erhverv","article_modified_time":"2026-02-17T09:24:43+00:00","og_image":[{"width":1200,"height":630,"url":"https:\/\/www.botex.dk\/erhverv\/wp-content\/uploads\/2025\/06\/botex-erhverv-fb.png","type":"image\/png"}],"twitter_card":"summary_large_image","twitter_misc":{"Est. reading time":"1 minut"},"schema":{"@context":"https:\/\/schema.org","@graph":[{"@type":"WebPage","@id":"https:\/\/www.botex.dk\/erhverv\/problemloesning\/","url":"https:\/\/www.botex.dk\/erhverv\/problemloesning\/","name":"Probleml\u00f8sning - Botex Erhverv","isPartOf":{"@id":"https:\/\/www.botex.dk\/erhverv\/#website"},"datePublished":"2025-04-25T07:22:24+00:00","dateModified":"2026-02-17T09:24:43+00:00","description":"Probleml\u00f8sning Solafsk\u00e6rmning til erhverv kan v\u00e6re med til at afhj\u00e6lpe og modarbejde forskellige problematikker. L\u00e6s mere om, hvordan en gardinl\u00f8sning fra","breadcrumb":{"@id":"https:\/\/www.botex.dk\/erhverv\/problemloesning\/#breadcrumb"},"inLanguage":"da-DK","potentialAction":[{"@type":"ReadAction","target":["https:\/\/www.botex.dk\/erhverv\/problemloesning\/"]}]},{"@type":"BreadcrumbList","@id":"https:\/\/www.botex.dk\/erhverv\/problemloesning\/#breadcrumb","itemListElement":[{"@type":"ListItem","position":1,"name":"Home","item":"https:\/\/www.botex.dk\/erhverv\/"},{"@type":"ListItem","position":2,"name":"Probleml\u00f8sning"}]},{"@type":"WebSite","@id":"https:\/\/www.botex.dk\/erhverv\/#website","url":"https:\/\/www.botex.dk\/erhverv\/","name":"Botex Erhverv","description":"","publisher":{"@id":"https:\/\/www.botex.dk\/erhverv\/#organization"},"potentialAction":[{"@type":"SearchAction","target":{"@type":"EntryPoint","urlTemplate":"https:\/\/www.botex.dk\/erhverv\/?s={search_term_string}"},"query-input":{"@type":"PropertyValueSpecification","valueRequired":true,"valueName":"search_term_string"}}],"inLanguage":"da-DK"},{"@type":"Organization","@id":"https:\/\/www.botex.dk\/erhverv\/#organization","name":"Botex Erhverv","url":"https:\/\/www.botex.dk\/erhverv\/","logo":{"@type":"ImageObject","inLanguage":"da-DK","@id":"https:\/\/www.botex.dk\/erhverv\/#\/schema\/logo\/image\/","url":"https:\/\/www.botex.dk\/erhverv\/wp-content\/uploads\/2025\/04\/botex-erhverv-black.svg","contentUrl":"https:\/\/www.botex.dk\/erhverv\/wp-content\/uploads\/2025\/04\/botex-erhverv-black.svg","width":239,"height":42,"caption":"Botex Erhverv"},"image":{"@id":"https:\/\/www.botex.dk\/erhverv\/#\/schema\/logo\/image\/"}}]}},"_links":{"self":[{"href":"https:\/\/www.botex.dk\/erhverv\/wp-json\/wp\/v2\/pages\/464","targetHints":{"allow":["GET"]}}],"collection":[{"href":"https:\/\/www.botex.dk\/erhverv\/wp-json\/wp\/v2\/pages"}],"about":[{"href":"https:\/\/www.botex.dk\/erhverv\/wp-json\/wp\/v2\/types\/page"}],"author":[{"embeddable":true,"href":"https:\/\/www.botex.dk\/erhverv\/wp-json\/wp\/v2\/users\/1"}],"replies":[{"embeddable":true,"href":"https:\/\/www.botex.dk\/erhverv\/wp-json\/wp\/v2\/comments?post=464"}],"version-history":[{"count":5,"href":"https:\/\/www.botex.dk\/erhverv\/wp-json\/wp\/v2\/pages\/464\/revisions"}],"predecessor-version":[{"id":1742,"href":"https:\/\/www.botex.dk\/erhverv\/wp-json\/wp\/v2\/pages\/464\/revisions\/1742"}],"wp:attachment":[{"href":"https:\/\/www.botex.dk\/erhverv\/wp-json\/wp\/v2\/media?parent=464"}],"wp:term":[{"taxonomy":"internal_status","embeddable":true,"href":"https:\/\/www.botex.dk\/erhverv\/wp-json\/wp\/v2\/internal_status?post=464"},{"taxonomy":"global-category","embeddable":true,"href":"https:\/\/www.botex.dk\/erhverv\/wp-json\/wp\/v2\/global-category?post=464"}],"curies":[{"name":"wp","href":"https:\/\/api.w.org\/{rel}","templated":true}]}}